{"id":9761,"date":"2023-07-27T07:13:41","date_gmt":"2023-07-27T04:13:41","guid":{"rendered":"https:\/\/netspordihall.ee\/tickets-and-reservations\/"},"modified":"2023-07-27T07:13:41","modified_gmt":"2023-07-27T04:13:41","slug":"tickets-and-reservations","status":"publish","type":"page","link":"https:\/\/netspordihall.ee\/en\/tickets-and-reservations\/","title":{"rendered":"Tickets and reservations"},"content":{"rendered":"\t\t<div data-elementor-type=\"wp-page\" data-elementor-id=\"9761\" class=\"elementor elementor-9761 elementor-1082\" data-elementor-post-type=\"page\">\n\t\t\t\t<div class=\"elementor-element elementor-element-19947b81 e-flex e-con-boxed e-con e-parent\" data-id=\"19947b81\" data-element_type=\"container\" data-e-type=\"container\">\n\t\t\t\t\t<div class=\"e-con-inner\">\n\t\t<div class=\"elementor-element elementor-element-6f1170e6 e-con-full e-flex e-con e-child\" data-id=\"6f1170e6\" data-element_type=\"container\" data-e-type=\"container\">\n\t\t\t\t<div class=\"elementor-element elementor-element-47bbf32a elementor-widget elementor-widget-heading\" data-id=\"47bbf32a\" data-element_type=\"widget\" data-e-type=\"widget\" data-widget_type=\"heading.default\">\n\t\t\t\t<div class=\"elementor-widget-container\">\n\t\t\t\t\t<h1 class=\"elementor-heading-title elementor-size-default\">P\u00e4\u00e4smed ja broneeringud<\/h1>\t\t\t\t<\/div>\n\t\t\t\t<\/div>\n\t\t<div class=\"elementor-element elementor-element-f5e2aca e-grid e-con-boxed e-con e-child\" data-id=\"f5e2aca\" data-element_type=\"container\" data-e-type=\"container\">\n\t\t\t\t\t<div class=\"e-con-inner\">\n\t\t\t\t<div class=\"elementor-element elementor-element-49df7fd elementor-widget elementor-widget-button\" data-id=\"49df7fd\" data-element_type=\"widget\" data-e-type=\"widget\" data-widget_type=\"button.default\">\n\t\t\t\t<div class=\"elementor-widget-container\">\n\t\t\t\t\t\t\t\t\t<div class=\"elementor-button-wrapper\">\n\t\t\t\t\t<a class=\"elementor-button elementor-size-sm\" role=\"button\">\n\t\t\t\t\t\t<span class=\"elementor-button-content-wrapper\">\n\t\t\t\t\t\t\t\t\t<span class=\"elementor-button-text\">P\u00e4\u00e4smete kirjeldus<\/span>\n\t\t\t\t\t<\/span>\n\t\t\t\t\t<\/a>\n\t\t\t\t<\/div>\n\t\t\t\t\t\t\t\t<\/div>\n\t\t\t\t<\/div>\n\t\t\t\t<div class=\"elementor-element elementor-element-c60f22e elementor-widget elementor-widget-button\" data-id=\"c60f22e\" data-element_type=\"widget\" data-e-type=\"widget\" data-widget_type=\"button.default\">\n\t\t\t\t<div class=\"elementor-widget-container\">\n\t\t\t\t\t\t\t\t\t<div class=\"elementor-button-wrapper\">\n\t\t\t\t\t<a class=\"elementor-button elementor-button-link elementor-size-sm\" href=\"http:\/\/bron.netspordihall.ee\/home\" target=\"_blank\">\n\t\t\t\t\t\t<span class=\"elementor-button-content-wrapper\">\n\t\t\t\t\t\t\t\t\t<span class=\"elementor-button-text\">Broneeri v\u00e4ljak<\/span>\n\t\t\t\t\t<\/span>\n\t\t\t\t\t<\/a>\n\t\t\t\t<\/div>\n\t\t\t\t\t\t\t\t<\/div>\n\t\t\t\t<\/div>\n\t\t\t\t<div class=\"elementor-element elementor-element-6772f65 elementor-widget elementor-widget-button\" data-id=\"6772f65\" data-element_type=\"widget\" data-e-type=\"widget\" data-widget_type=\"button.default\">\n\t\t\t\t<div class=\"elementor-widget-container\">\n\t\t\t\t\t\t\t\t\t<div class=\"elementor-button-wrapper\">\n\t\t\t\t\t<a class=\"elementor-button elementor-button-link elementor-size-sm\" href=\"https:\/\/bron.netspordihall.ee\/shop\/passes\" target=\"_blank\">\n\t\t\t\t\t\t<span class=\"elementor-button-content-wrapper\">\n\t\t\t\t\t\t\t\t\t<span class=\"elementor-button-text\">Soeta treeningp\u00e4\u00e4se<\/span>\n\t\t\t\t\t<\/span>\n\t\t\t\t\t<\/a>\n\t\t\t\t<\/div>\n\t\t\t\t\t\t\t\t<\/div>\n\t\t\t\t<\/div>\n\t\t\t\t<div class=\"elementor-element elementor-element-e435930 elementor-widget elementor-widget-button\" data-id=\"e435930\" data-element_type=\"widget\" data-e-type=\"widget\" data-widget_type=\"button.default\">\n\t\t\t\t<div class=\"elementor-widget-container\">\n\t\t\t\t\t\t\t\t\t<div class=\"elementor-button-wrapper\">\n\t\t\t\t\t<a class=\"elementor-button elementor-button-link elementor-size-sm\" href=\"https:\/\/bron.netspordihall.ee\/group\/calendar\" target=\"_blank\">\n\t\t\t\t\t\t<span class=\"elementor-button-content-wrapper\">\n\t\t\t\t\t\t\t\t\t<span class=\"elementor-button-text\">Registreeri juhendatud treeningu<\/span>\n\t\t\t\t\t<\/span>\n\t\t\t\t\t<\/a>\n\t\t\t\t<\/div>\n\t\t\t\t\t\t\t\t<\/div>\n\t\t\t\t<\/div>\n\t\t\t\t\t<\/div>\n\t\t\t\t<\/div>\n\t\t\t\t<div class=\"elementor-element elementor-element-da04fab elementor-widget elementor-widget-heading\" data-id=\"da04fab\" data-element_type=\"widget\" data-e-type=\"widget\" data-widget_type=\"heading.default\">\n\t\t\t\t<div class=\"elementor-widget-container\">\n\t\t\t\t\t<h2 class=\"elementor-heading-title elementor-size-default\">P\u00e4\u00e4smete kirjeldus<\/h2>\t\t\t\t<\/div>\n\t\t\t\t<\/div>\n\t\t\t\t<div class=\"elementor-element elementor-element-4be934c6 elementor-widget elementor-widget-text-editor\" data-id=\"4be934c6\" data-element_type=\"widget\" data-e-type=\"widget\" data-widget_type=\"text-editor.default\">\n\t\t\t\t<div class=\"elementor-widget-container\">\n\t\t\t\t\t\t\t\t\t<p>NET Spordihalli sisenemise aluseks on kliendil vaja v\u00e4hemalt \u00fcht j\u00e4rgnevatest valikutest:<\/p><ul><li>v\u00e4ljaku broneeringut (padeliv\u00e4ljak, liivav\u00e4ljak, sulgpalliv\u00e4ljak v\u00f5i v\u00f5rkpalliv\u00e4ljak)<\/li><li>treeningp\u00e4\u00e4set (r\u00fchmatreeningud, ronimine ja j\u00f5usaal)<\/li><li>treeninggruppi kuulumise kinnitust (PadelTartu &#8211; padel, SK Duo &#8211; v\u00f5rkpall\/rannavolle, Beach Tennis &#8211; rannatennis, Sulgpalliklubi Triiton &#8211; sulgpall, MK Tenniseklubi &#8211; rannatennis, Tartu Poksiklubi &#8211; poks , Vk Akros &#8211; akrobaatika)<\/li><\/ul>\t\t\t\t\t\t\t\t<\/div>\n\t\t\t\t<\/div>\n\t\t\t\t<div class=\"elementor-element elementor-element-1d9c52a elementor-widget elementor-widget-heading\" data-id=\"1d9c52a\" data-element_type=\"widget\" data-e-type=\"widget\" data-widget_type=\"heading.default\">\n\t\t\t\t<div class=\"elementor-widget-container\">\n\t\t\t\t\t<h2 class=\"elementor-heading-title elementor-size-default\">Kuidas osta treeningp\u00e4\u00e4set<\/h2>\t\t\t\t<\/div>\n\t\t\t\t<\/div>\n\t\t\t\t<div class=\"elementor-element elementor-element-f1d7f5f elementor-widget elementor-widget-text-editor\" data-id=\"f1d7f5f\" data-element_type=\"widget\" data-e-type=\"widget\" data-widget_type=\"text-editor.default\">\n\t\t\t\t<div class=\"elementor-widget-container\">\n\t\t\t\t\t\t\t\t\t<p>Treeningp\u00e4\u00e4sme soetamiseks tuleb minna meie p\u00e4\u00e4smete ostmise keskkonda <span style=\"text-decoration: underline;\"><a href=\"https:\/\/bron.netspordihall.ee\/shop\/passes\">SIIN<\/a><\/span>.<\/p><ul><li>Logi kliendikeskkonda sisse, vajadusel loo uus konto kui see puudub.<\/li><li>Vali endale sobiv p\u00e4\u00e4sme liik: j\u00f5usaal, juhendatud treeningud v\u00f5i ronimine.<\/li><li>Klikka sobivale p\u00e4\u00e4smele (nt ronimise 10x p\u00e4\u00e4se).<\/li><li>N\u00f5ustu tingimustega ja mine ostukorvi.<\/li><li>Vali sobiv makseviis.<\/li><li>Oota kinnituskirja meilile v\u00f5i vaata ostu &#8220;Broneeringud-P\u00e4\u00e4smed&#8221; alt.<\/li><li>NB! 10x p\u00e4\u00e4se kehtib kuni 90 p\u00e4eva!<\/li><\/ul>\t\t\t\t\t\t\t\t<\/div>\n\t\t\t\t<\/div>\n\t\t\t\t<div class=\"elementor-element elementor-element-31a0a35 elementor-widget elementor-widget-heading\" data-id=\"31a0a35\" data-element_type=\"widget\" data-e-type=\"widget\" data-widget_type=\"heading.default\">\n\t\t\t\t<div class=\"elementor-widget-container\">\n\t\t\t\t\t<h2 class=\"elementor-heading-title elementor-size-default\">Kuidas broneerida v\u00e4ljakut<\/h2>\t\t\t\t<\/div>\n\t\t\t\t<\/div>\n\t\t\t\t<div class=\"elementor-element elementor-element-0c3a717 elementor-widget elementor-widget-text-editor\" data-id=\"0c3a717\" data-element_type=\"widget\" data-e-type=\"widget\" data-widget_type=\"text-editor.default\">\n\t\t\t\t<div class=\"elementor-widget-container\">\n\t\t\t\t\t\t\t\t\t<p>V\u00e4ljaku broneerimiseks tuleb minna meie broneerimiskeskkonda <span style=\"text-decoration: underline;\"><a href=\"https:\/\/bron.netspordihall.ee\/home\">SIIN<\/a><\/span>.<\/p><ul><li>Logi kliendikeskkonda sisse, vajadusel loo uus konto kui see puudub.<\/li><li>Vali men\u00fc\u00fcst sobiv ala: rannahall, padel v\u00f5i sulgpall.<\/li><li>Klikka sobivale v\u00e4ljakule vastavalt soovitud kellaaajale.<\/li><li>Vali &#8220;Osta kohe&#8221; kui piirdud \u00fche v\u00e4ljaku ostuga v\u00f5i vali &#8220;Lisa v\u00e4ljak&#8221; kui soovid teha rohkem broneeringuid.<\/li><li>Mine ostukorvi. NB! Ost tuleb vormistada 15-minuti jooksul. Kui ostu ei toimu, siis broneerng t\u00fchistatakse.<\/li><li>Vali sobiv makseviis.<\/li><li>Oota kinnituskirja meilile v\u00f5i vaata ostu &#8220;Broneeringud&#8221; alt.<\/li><\/ul>\t\t\t\t\t\t\t\t<\/div>\n\t\t\t\t<\/div>\n\t\t\t\t<div class=\"elementor-element elementor-element-164d5eb elementor-widget elementor-widget-heading\" data-id=\"164d5eb\" data-element_type=\"widget\" data-e-type=\"widget\" data-widget_type=\"heading.default\">\n\t\t\t\t<div class=\"elementor-widget-container\">\n\t\t\t\t\t<h2 class=\"elementor-heading-title elementor-size-default\">Kuidas registreerida juhendatud treeningusse<\/h2>\t\t\t\t<\/div>\n\t\t\t\t<\/div>\n\t\t\t\t<div class=\"elementor-element elementor-element-7b0977d elementor-widget elementor-widget-text-editor\" data-id=\"7b0977d\" data-element_type=\"widget\" data-e-type=\"widget\" data-widget_type=\"text-editor.default\">\n\t\t\t\t<div class=\"elementor-widget-container\">\n\t\t\t\t\t\t\t\t\t<p>Juhendatud treeningusse (\u00dcKE, jooga, harrastajate rannavolle treening, ronimistreeningud lastele) koha saamiseks tuleb minna meie tunniplaani keskkonda <span style=\"text-decoration: underline;\"><a href=\"https:\/\/bron.netspordihall.ee\/group\/calendar\">SIIN<\/a><\/span>.<\/p><ul><li>Logi kliendikeskkonda sisse, vajadusel loo uus konto kui see puudub.<\/li><li>Veendu, et enne treeningusse koha broneerimist oled soetanud sobiva p\u00e4\u00e4sme.<\/li><li>Vali men\u00fc\u00fcst sobiv ruum (liivav\u00e4ljak, stuudio, ronimissein v\u00f5i j\u00f5usaal).<\/li><li>Vali tunniplaanist sobiv treening ning klikka &#8220;broneeri&#8221;.<\/li><li>Oota kinnituskirja meilile v\u00f5i vaata broneeringut &#8220;Broneeringud-P\u00e4\u00e4smed&#8221; alt.<\/li><\/ul>\t\t\t\t\t\t\t\t<\/div>\n\t\t\t\t<\/div>\n\t\t\t\t<\/div>\n\t\t\t\t\t<\/div>\n\t\t\t\t<\/div>\n\t\t\t\t<\/div>\n\t\t","protected":false},"excerpt":{"rendered":"<p>Tickets and reservations Description of tickets Reserve a court Buy a gym pass Sign up for a guided workout Description of tickets To enter the NET Sports Hall, customers must select at least one of the following options: court reservation (padel court, clay court, badminton court, or volleyball court) gym passes (group classes, climbing, and [&hellip;]<\/p>\n","protected":false},"author":4,"featured_media":9446,"parent":0,"menu_order":0,"comment_status":"closed","ping_status":"closed","template":"elementor_header_footer","meta":{"site-sidebar-layout":"no-sidebar","site-content-layout":"page-builder","ast-site-content-layout":"full-width-container","site-content-style":"unboxed","site-sidebar-style":"unboxed","ast-global-header-display":"","ast-banner-title-visibility":"","ast-main-header-display":"","ast-hfb-above-header-display":"","ast-hfb-below-header-display":"","ast-hfb-mobile-header-display":"","site-post-title":"disabled","ast-breadcrumbs-content":"","ast-featured-img":"","footer-sml-layout":"","ast-disable-related-posts":"","theme-transparent-header-meta":"","adv-header-id-meta":"","stick-header-meta":"","header-above-stick-meta":"","header-main-stick-meta":"","header-below-stick-meta":"","astra-migrate-meta-layouts":"default","ast-page-background-enabled":"default","ast-page-background-meta":{"desktop":{"background-color":"var(--ast-global-color-4)","background-image":"","background-repeat":"repeat","background-position":"center center","background-size":"auto","background-attachment":"scroll","background-type":"","background-media":"","overlay-type":"","overlay-color":"","overlay-opacity":"","overlay-gradient":""},"tablet":{"background-color":"","background-image":"","background-repeat":"repeat","background-position":"center center","background-size":"auto","background-attachment":"scroll","background-type":"","background-media":"","overlay-type":"","overlay-color":"","overlay-opacity":"","overlay-gradient":""},"mobile":{"background-color":"","background-image":"","background-repeat":"repeat","background-position":"center center","background-size":"auto","background-attachment":"scroll","background-type":"","background-media":"","overlay-type":"","overlay-color":"","overlay-opacity":"","overlay-gradient":""}},"ast-content-background-meta":{"desktop":{"background-color":"var(--ast-global-color-5)","background-image":"","background-repeat":"repeat","background-position":"center center","background-size":"auto","background-attachment":"scroll","background-type":"","background-media":"","overlay-type":"","overlay-color":"","overlay-opacity":"","overlay-gradient":""},"tablet":{"background-color":"var(--ast-global-color-5)","background-image":"","background-repeat":"repeat","background-position":"center center","background-size":"auto","background-attachment":"scroll","background-type":"","background-media":"","overlay-type":"","overlay-color":"","overlay-opacity":"","overlay-gradient":""},"mobile":{"background-color":"var(--ast-global-color-5)","background-image":"","background-repeat":"repeat","background-position":"center center","background-size":"auto","background-attachment":"scroll","background-type":"","background-media":"","overlay-type":"","overlay-color":"","overlay-opacity":"","overlay-gradient":""}},"footnotes":""},"class_list":["post-9761","page","type-page","status-publish","has-post-thumbnail","hentry"],"_links":{"self":[{"href":"https:\/\/netspordihall.ee\/en\/wp-json\/wp\/v2\/pages\/9761","targetHints":{"allow":["GET"]}}],"collection":[{"href":"https:\/\/netspordihall.ee\/en\/wp-json\/wp\/v2\/pages"}],"about":[{"href":"https:\/\/netspordihall.ee\/en\/wp-json\/wp\/v2\/types\/page"}],"author":[{"embeddable":true,"href":"https:\/\/netspordihall.ee\/en\/wp-json\/wp\/v2\/users\/4"}],"replies":[{"embeddable":true,"href":"https:\/\/netspordihall.ee\/en\/wp-json\/wp\/v2\/comments?post=9761"}],"version-history":[{"count":0,"href":"https:\/\/netspordihall.ee\/en\/wp-json\/wp\/v2\/pages\/9761\/revisions"}],"wp:featuredmedia":[{"embeddable":true,"href":"https:\/\/netspordihall.ee\/en\/wp-json\/wp\/v2\/media\/9446"}],"wp:attachment":[{"href":"https:\/\/netspordihall.ee\/en\/wp-json\/wp\/v2\/media?parent=9761"}],"curies":[{"name":"wp","href":"https:\/\/api.w.org\/{rel}","templated":true}]}}