{"id":9759,"date":"2023-05-23T11:21:29","date_gmt":"2023-05-23T08:21:29","guid":{"rendered":"https:\/\/netspordihall.ee\/net-sports-hall\/"},"modified":"2026-04-08T13:25:27","modified_gmt":"2026-04-08T10:25:27","slug":"net-sports-hall","status":"publish","type":"page","link":"https:\/\/netspordihall.ee\/en\/","title":{"rendered":"NET Sports Hall"},"content":{"rendered":"\t\t<div data-elementor-type=\"wp-post\" data-elementor-id=\"9759\" class=\"elementor elementor-9759 elementor-4\" data-elementor-post-type=\"page\">\n\t\t\t\t<div class=\"elementor-element elementor-element-a5d04da e-flex e-con-boxed e-con e-parent\" data-id=\"a5d04da\" data-element_type=\"container\" data-e-type=\"container\" data-settings=\"{&quot;background_background&quot;:&quot;video&quot;,&quot;background_video_link&quot;:&quot;https:\\\/\\\/www.youtube.com\\\/watch?v=CMf9iJO5CW0&quot;,&quot;background_play_on_mobile&quot;:&quot;yes&quot;}\">\n\t\t\t\t\t<div class=\"e-con-inner\">\n\t\t<div class=\"elementor-background-video-container\">\n\t\t\t\t\t\t\t<div class=\"elementor-background-video-embed\" role=\"presentation\"><\/div>\n\t\t\t\t\t\t<\/div><div class=\"elementor-element elementor-element-89d4d03 e-con-full e-flex e-con e-child\" data-id=\"89d4d03\" data-element_type=\"container\" data-e-type=\"container\" data-settings=\"{&quot;background_background&quot;:&quot;classic&quot;}\">\n\t\t<div class=\"elementor-element elementor-element-caaf0d6 e-flex e-con-boxed e-con e-child\" data-id=\"caaf0d6\" data-element_type=\"container\" data-e-type=\"container\">\n\t\t\t\t\t<div class=\"e-con-inner\">\n\t\t<div class=\"elementor-element elementor-element-8010d69 e-flex e-con-boxed e-con e-child\" data-id=\"8010d69\" data-element_type=\"container\" data-e-type=\"container\">\n\t\t\t\t\t<div class=\"e-con-inner\">\n\t\t\t\t<div class=\"elementor-element elementor-element-d12948a elementor-widget elementor-widget-heading\" data-id=\"d12948a\" data-element_type=\"widget\" data-e-type=\"widget\" data-widget_type=\"heading.default\">\n\t\t\t\t<div class=\"elementor-widget-container\">\n\t\t\t\t\t<h2 class=\"elementor-heading-title elementor-size-default\">TERE TULEMAST!<\/h2>\t\t\t\t<\/div>\n\t\t\t\t<\/div>\n\t\t\t\t\t<\/div>\n\t\t\t\t<\/div>\n\t\t\t\t<div class=\"elementor-element elementor-element-6e5a63f elementor-cta--valign-middle elementor-widget__width-initial elementor-cta--skin-cover elementor-animated-content elementor-widget elementor-widget-call-to-action\" data-id=\"6e5a63f\" data-element_type=\"widget\" data-e-type=\"widget\" data-widget_type=\"call-to-action.default\">\n\t\t\t\t<div class=\"elementor-widget-container\">\n\t\t\t\t\t\t\t<a class=\"elementor-cta\" href=\"https:\/\/bron.netspordihall.ee\/\">\n\t\t\t\t\t<div class=\"elementor-cta__bg-wrapper\">\n\t\t\t\t<div class=\"elementor-cta__bg elementor-bg\" style=\"background-image: url(https:\/\/netspordihall.ee\/wp-content\/uploads\/2023\/08\/rannatennis.svg);\" role=\"img\" aria-label=\"rannatennis\"><\/div>\n\t\t\t\t<div class=\"elementor-cta__bg-overlay\"><\/div>\n\t\t\t<\/div>\n\t\t\t\t\t\t\t<div class=\"elementor-cta__content\">\n\t\t\t\t\n\t\t\t\t\t\t\t\t\t<h2 class=\"elementor-cta__title elementor-cta__content-item elementor-content-item elementor-animated-item--grow\">\n\t\t\t\t\t\tSISENE BRONEERIMISKESKKONDA\t\t\t\t\t<\/h2>\n\t\t\t\t\n\t\t\t\t\n\t\t\t\t\t\t\t<\/div>\n\t\t\t\t\t\t<\/a>\n\t\t\t\t\t\t<\/div>\n\t\t\t\t<\/div>\n\t\t\t\t<div class=\"elementor-element elementor-element-d5857c7 elementor-widget elementor-widget-spacer\" data-id=\"d5857c7\" data-element_type=\"widget\" data-e-type=\"widget\" data-widget_type=\"spacer.default\">\n\t\t\t\t<div class=\"elementor-widget-container\">\n\t\t\t\t\t\t\t<div class=\"elementor-spacer\">\n\t\t\t<div class=\"elementor-spacer-inner\"><\/div>\n\t\t<\/div>\n\t\t\t\t\t\t<\/div>\n\t\t\t\t<\/div>\n\t\t\t\t\t<\/div>\n\t\t\t\t<\/div>\n\t\t\t\t<\/div>\n\t\t\t\t\t<\/div>\n\t\t\t\t<\/div>\n\t\t<div class=\"elementor-element elementor-element-bb1cb5e e-flex e-con-boxed e-con e-parent\" data-id=\"bb1cb5e\" data-element_type=\"container\" data-e-type=\"container\">\n\t\t\t\t\t<div class=\"e-con-inner\">\n\t\t<div class=\"elementor-element elementor-element-5b4dd38 e-con-full e-flex e-con e-child\" data-id=\"5b4dd38\" data-element_type=\"container\" data-e-type=\"container\">\n\t\t\t\t<div class=\"elementor-element elementor-element-0f9601d elementor-hidden-mobile elementor-widget elementor-widget-heading\" data-id=\"0f9601d\" data-element_type=\"widget\" data-e-type=\"widget\" data-widget_type=\"heading.default\">\n\t\t\t\t<div class=\"elementor-widget-container\">\n\t\t\t\t\t<h2 class=\"elementor-heading-title elementor-size-default\">Uudised ja s\u00fcndmused<\/h2>\t\t\t\t<\/div>\n\t\t\t\t<\/div>\n\t\t\t\t<\/div>\n\t\t<div class=\"elementor-element elementor-element-7af382c e-con-full e-flex e-con e-child\" data-id=\"7af382c\" data-element_type=\"container\" data-e-type=\"container\">\n\t\t\t\t<div class=\"elementor-element elementor-element-a263422 elementor-widget elementor-widget-shortcode\" data-id=\"a263422\" data-element_type=\"widget\" data-e-type=\"widget\" data-widget_type=\"shortcode.default\">\n\t\t\t\t<div class=\"elementor-widget-container\">\n\t\t\t\t\t\t\t<div class=\"elementor-shortcode\"><div class=\"cec-events-container\"><h2 class=\"head-cec\">NET Spordihalli s\u00fcndmuste kalender<\/h2><ul class=\"cec-events-list\"><li class=\"events-list\"><div class=\"event-grid\"><div class=\"event-thumbnail-wrapper\"><img decoding=\"async\" width=\"150\" height=\"150\" src=\"https:\/\/netspordihall.ee\/wp-content\/uploads\/2025\/03\/padelr-01-150x150.png\" class=\"event-thumbnail wp-post-image\" alt=\"\" srcset=\"https:\/\/netspordihall.ee\/wp-content\/uploads\/2025\/03\/padelr-01-150x150.png 150w, https:\/\/netspordihall.ee\/wp-content\/uploads\/2025\/03\/padelr-01.png 300w\" sizes=\"(max-width: 150px) 100vw, 150px\" \/><\/div><div class=\"event-content\"><h3 class=\"event-head\">Naiste padeliturniir algajatele<\/h3><p class=\"event-date\"><strong>Kuup\u00e4ev:<\/strong> <span class=\"event-value\">12.04.2026<\/span> | <strong>Aeg:<\/strong> <span class=\"event-value\">16:30<\/span><\/p><\/div><div class=\"event-button-wrapper\"><a href=\"https:\/\/forms.gle\/yVeM1nQg14zMxKoAA\" class=\"event-button\" target=\"_blank\" rel=\"noopener\">Registreeri<\/a><\/div><\/div><\/li><li class=\"events-list\"><div class=\"event-grid\"><div class=\"event-thumbnail-wrapper\"><img decoding=\"async\" width=\"150\" height=\"150\" src=\"https:\/\/netspordihall.ee\/wp-content\/uploads\/2025\/03\/padelr-01-150x150.png\" class=\"event-thumbnail wp-post-image\" alt=\"\" srcset=\"https:\/\/netspordihall.ee\/wp-content\/uploads\/2025\/03\/padelr-01-150x150.png 150w, https:\/\/netspordihall.ee\/wp-content\/uploads\/2025\/03\/padelr-01.png 300w\" sizes=\"(max-width: 150px) 100vw, 150px\" \/><\/div><div class=\"event-content\"><h3 class=\"event-head\">Naiste padeliturniir kesk\/edasij\u00f5udnutele<\/h3><p class=\"event-date\"><strong>Kuup\u00e4ev:<\/strong> <span class=\"event-value\">12.04.2026<\/span> | <strong>Aeg:<\/strong> <span class=\"event-value\">18:30<\/span><\/p><\/div><div class=\"event-button-wrapper\"><a href=\"https:\/\/forms.gle\/dicRP5mQ58HuRVuH9\" class=\"event-button\" target=\"_blank\" rel=\"noopener\">Registreeri<\/a><\/div><\/div><\/li><li class=\"events-list\"><div class=\"event-grid\"><div class=\"event-thumbnail-wrapper\"><img decoding=\"async\" width=\"150\" height=\"150\" src=\"https:\/\/netspordihall.ee\/wp-content\/uploads\/2023\/08\/rannavolle.svg\" class=\"event-thumbnail wp-post-image\" alt=\"spordialad\" \/><\/div><div class=\"event-content\"><h3 class=\"event-head\">Harrastajate volle karikasari<\/h3><p class=\"event-date\"><strong>Kuup\u00e4ev:<\/strong> <span class=\"event-value\">12.04.2026<\/span> | <strong>Aeg:<\/strong> <span class=\"event-value\">11:00<\/span><\/p><\/div><div class=\"event-button-wrapper\"><a href=\"https:\/\/forms.gle\/oqLGPAxyQyFCJeAS8\" class=\"event-button\" target=\"_blank\" rel=\"noopener\">Registreeri<\/a><\/div><\/div><\/li><li class=\"events-list\"><div class=\"event-grid\"><div class=\"event-thumbnail-wrapper\"><img decoding=\"async\" width=\"150\" height=\"150\" src=\"https:\/\/netspordihall.ee\/wp-content\/uploads\/2023\/08\/rannavolle.svg\" class=\"event-thumbnail wp-post-image\" alt=\"spordialad\" \/><\/div><div class=\"event-content\"><h3 class=\"event-head\">Rannavolle laager U-14 ja U-16<\/h3><p class=\"event-date\"><strong>Kuup\u00e4ev:<\/strong> <span class=\"event-value\">16.04.2026<\/span> | <strong>Aeg:<\/strong> <span class=\"event-value\">09:00<\/span><\/p><\/div><div class=\"event-button-wrapper\"><a href=\"https:\/\/forms.gle\/kYLQKMkEyUCmR7ba9\" class=\"event-button\" target=\"_blank\" rel=\"noopener\">Registreeri<\/a><\/div><\/div><\/li><\/ul><\/div><\/div>\n\t\t\t\t\t\t<\/div>\n\t\t\t\t<\/div>\n\t\t\t\t<\/div>\n\t\t\t\t\t<\/div>\n\t\t\t\t<\/div>\n\t\t<div class=\"elementor-element elementor-element-cb2e4c9 e-flex e-con-boxed e-con e-parent\" data-id=\"cb2e4c9\" data-element_type=\"container\" data-e-type=\"container\">\n\t\t\t\t\t<div class=\"e-con-inner\">\n\t\t<div class=\"elementor-element elementor-element-051cd88 e-con-full e-flex e-con e-child\" data-id=\"051cd88\" data-element_type=\"container\" data-e-type=\"container\">\n\t\t\t\t<div class=\"elementor-element elementor-element-16fc021 elementor-widget elementor-widget-heading\" data-id=\"16fc021\" data-element_type=\"widget\" data-e-type=\"widget\" data-widget_type=\"heading.default\">\n\t\t\t\t<div class=\"elementor-widget-container\">\n\t\t\t\t\t<h2 class=\"elementor-heading-title elementor-size-default\">Spordihallist<\/h2>\t\t\t\t<\/div>\n\t\t\t\t<\/div>\n\t\t\t\t<div class=\"elementor-element elementor-element-3d18885 elementor-widget elementor-widget-text-editor\" data-id=\"3d18885\" data-element_type=\"widget\" data-e-type=\"widget\" data-widget_type=\"text-editor.default\">\n\t\t\t\t<div class=\"elementor-widget-container\">\n\t\t\t\t\t\t\t\t\t<p><span style=\"font-weight: 400;\">Hoone on kavandatud peamiselt liiva- ja reketialade jaoks, pakkudes tegutsemiseks r\u00f5\u00f5mu <strong>sulgpalli, rannav\u00f5rkpalli, rannatennise<\/strong> ning <strong>padeli<\/strong> huvilistele. Kellele j\u00e4\u00e4b pallim\u00e4ngust v\u00e4heks, saab end proovile panna 15 meetri k\u00f5rgusel <strong>ronimisseinal<\/strong>, treenida <strong>j\u00f5usaalis<\/strong> v\u00f5i osa v\u00f5tta <strong>r\u00fchmatreeningutest<\/strong>. Lisaks saab meil ka <strong>sulgpalli<\/strong> ning <strong>v\u00f5rkpalli<\/strong> m\u00e4ngida v\u00f5i osaleda <strong>v\u00f5imlemisklubi Akrose<\/strong> poolt l\u00e4biviidavatel treeningutel.<\/span><\/p>\t\t\t\t\t\t\t\t<\/div>\n\t\t\t\t<\/div>\n\t\t\t\t<div class=\"elementor-element elementor-element-f25e840 elementor-mobile-align-center elementor-widget elementor-widget-button\" data-id=\"f25e840\" data-element_type=\"widget\" data-e-type=\"widget\" data-widget_type=\"button.default\">\n\t\t\t\t<div class=\"elementor-widget-container\">\n\t\t\t\t\t\t\t\t\t<div class=\"elementor-button-wrapper\">\n\t\t\t\t\t<a class=\"elementor-button elementor-button-link elementor-size-sm\" href=\"https:\/\/netspordihall.ee\/meist\/\">\n\t\t\t\t\t\t<span class=\"elementor-button-content-wrapper\">\n\t\t\t\t\t\t\t\t\t<span class=\"elementor-button-text\">Loe edasi<\/span>\n\t\t\t\t\t<\/span>\n\t\t\t\t\t<\/a>\n\t\t\t\t<\/div>\n\t\t\t\t\t\t\t\t<\/div>\n\t\t\t\t<\/div>\n\t\t\t\t<\/div>\n\t\t<div class=\"elementor-element elementor-element-1b1eb5a e-con-full e-flex e-con e-child\" data-id=\"1b1eb5a\" data-element_type=\"container\" data-e-type=\"container\">\n\t\t\t\t<div class=\"elementor-element elementor-element-f603210 elementor-widget elementor-widget-image\" data-id=\"f603210\" data-element_type=\"widget\" data-e-type=\"widget\" data-widget_type=\"image.default\">\n\t\t\t\t<div class=\"elementor-widget-container\">\n\t\t\t\t\t\t\t\t\t\t\t\t\t\t\t<img fetchpriority=\"high\" decoding=\"async\" width=\"1024\" height=\"681\" src=\"https:\/\/netspordihall.ee\/wp-content\/uploads\/2025\/02\/FDSC_0802-1024x681.jpg\" class=\"attachment-large size-large wp-image-9520\" alt=\"\" srcset=\"https:\/\/netspordihall.ee\/wp-content\/uploads\/2025\/02\/FDSC_0802-1024x681.jpg 1024w, https:\/\/netspordihall.ee\/wp-content\/uploads\/2025\/02\/FDSC_0802-300x200.jpg 300w, https:\/\/netspordihall.ee\/wp-content\/uploads\/2025\/02\/FDSC_0802-768x511.jpg 768w, https:\/\/netspordihall.ee\/wp-content\/uploads\/2025\/02\/FDSC_0802-1536x1022.jpg 1536w, https:\/\/netspordihall.ee\/wp-content\/uploads\/2025\/02\/FDSC_0802-2048x1363.jpg 2048w\" sizes=\"(max-width: 1024px) 100vw, 1024px\" \/>\t\t\t\t\t\t\t\t\t\t\t\t\t\t\t<\/div>\n\t\t\t\t<\/div>\n\t\t\t\t<\/div>\n\t\t\t\t\t<\/div>\n\t\t\t\t<\/div>\n\t\t<div class=\"elementor-element elementor-element-6945b98 e-flex e-con-boxed e-con e-parent\" data-id=\"6945b98\" data-element_type=\"container\" data-e-type=\"container\">\n\t\t\t\t\t<div class=\"e-con-inner\">\n\t\t<div class=\"elementor-element elementor-element-edbf014 e-con-full e-flex e-con e-child\" data-id=\"edbf014\" data-element_type=\"container\" data-e-type=\"container\">\n\t\t\t\t<div class=\"elementor-element elementor-element-8c91860 elementor-align-center elementor-widget elementor-widget-button\" data-id=\"8c91860\" data-element_type=\"widget\" data-e-type=\"widget\" data-widget_type=\"button.default\">\n\t\t\t\t<div class=\"elementor-widget-container\">\n\t\t\t\t\t\t\t\t\t<div class=\"elementor-button-wrapper\">\n\t\t\t\t\t<a class=\"elementor-button elementor-button-link elementor-size-sm\" href=\"https:\/\/netspordihall.ee\/uudised\/\">\n\t\t\t\t\t\t<span class=\"elementor-button-content-wrapper\">\n\t\t\t\t\t\t\t\t\t<span class=\"elementor-button-text\">Loe k\u00f5iki uudiseid<\/span>\n\t\t\t\t\t<\/span>\n\t\t\t\t\t<\/a>\n\t\t\t\t<\/div>\n\t\t\t\t\t\t\t\t<\/div>\n\t\t\t\t<\/div>\n\t\t\t\t<\/div>\n\t\t\t\t\t<\/div>\n\t\t\t\t<\/div>\n\t\t\t\t<\/div>\n\t\t","protected":false},"excerpt":{"rendered":"<p>TERE TULEMAST! SISENE BRONEERIMISKESKKONDA Uudised ja s\u00fcndmused Spordihallist Hoone on kavandatud peamiselt liiva- ja reketialade jaoks, pakkudes tegutsemiseks r\u00f5\u00f5mu sulgpalli, rannav\u00f5rkpalli, rannatennise ning padeli huvilistele. Kellele j\u00e4\u00e4b pallim\u00e4ngust v\u00e4heks, saab end proovile panna 15 meetri k\u00f5rgusel ronimisseinal, treenida j\u00f5usaalis v\u00f5i osa v\u00f5tta r\u00fchmatreeningutest. Lisaks saab meil ka sulgpalli ning v\u00f5rkpalli m\u00e4ngida v\u00f5i osaleda v\u00f5imlemisklubi Akrose [&hellip;]<\/p>\n","protected":false},"author":4,"featured_media":0,"parent":0,"menu_order":0,"comment_status":"closed","ping_status":"closed","template":"elementor_header_footer","meta":{"site-sidebar-layout":"no-sidebar","site-content-layout":"page-builder","ast-site-content-layout":"full-width-container","site-content-style":"unboxed","site-sidebar-style":"unboxed","ast-global-header-display":"","ast-banner-title-visibility":"","ast-main-header-display":"","ast-hfb-above-header-display":"","ast-hfb-below-header-display":"","ast-hfb-mobile-header-display":"","site-post-title":"disabled","ast-breadcrumbs-content":"","ast-featured-img":"disabled","footer-sml-layout":"","ast-disable-related-posts":"","theme-transparent-header-meta":"","adv-header-id-meta":"","stick-header-meta":"","header-above-stick-meta":"","header-main-stick-meta":"","header-below-stick-meta":"","astra-migrate-meta-layouts":"default","ast-page-background-enabled":"default","ast-page-background-meta":{"desktop":{"background-color":"var(--ast-global-color-4)","background-image":"","background-repeat":"repeat","background-position":"center center","background-size":"auto","background-attachment":"scroll","background-type":"","background-media":"","overlay-type":"","overlay-color":"","overlay-opacity":"","overlay-gradient":""},"tablet":{"background-color":"","background-image":"","background-repeat":"repeat","background-position":"center center","background-size":"auto","background-attachment":"scroll","background-type":"","background-media":"","overlay-type":"","overlay-color":"","overlay-opacity":"","overlay-gradient":""},"mobile":{"background-color":"","background-image":"","background-repeat":"repeat","background-position":"center center","background-size":"auto","background-attachment":"scroll","background-type":"","background-media":"","overlay-type":"","overlay-color":"","overlay-opacity":"","overlay-gradient":""}},"ast-content-background-meta":{"desktop":{"background-color":"var(--ast-global-color-5)","background-image":"","background-repeat":"repeat","background-position":"center center","background-size":"auto","background-attachment":"scroll","background-type":"","background-media":"","overlay-type":"","overlay-color":"","overlay-opacity":"","overlay-gradient":""},"tablet":{"background-color":"var(--ast-global-color-5)","background-image":"","background-repeat":"repeat","background-position":"center center","background-size":"auto","background-attachment":"scroll","background-type":"","background-media":"","overlay-type":"","overlay-color":"","overlay-opacity":"","overlay-gradient":""},"mobile":{"background-color":"var(--ast-global-color-5)","background-image":"","background-repeat":"repeat","background-position":"center center","background-size":"auto","background-attachment":"scroll","background-type":"","background-media":"","overlay-type":"","overlay-color":"","overlay-opacity":"","overlay-gradient":""}},"footnotes":""},"class_list":["post-9759","page","type-page","status-publish","hentry"],"_links":{"self":[{"href":"https:\/\/netspordihall.ee\/en\/wp-json\/wp\/v2\/pages\/9759","targetHints":{"allow":["GET"]}}],"collection":[{"href":"https:\/\/netspordihall.ee\/en\/wp-json\/wp\/v2\/pages"}],"about":[{"href":"https:\/\/netspordihall.ee\/en\/wp-json\/wp\/v2\/types\/page"}],"author":[{"embeddable":true,"href":"https:\/\/netspordihall.ee\/en\/wp-json\/wp\/v2\/users\/4"}],"replies":[{"embeddable":true,"href":"https:\/\/netspordihall.ee\/en\/wp-json\/wp\/v2\/comments?post=9759"}],"version-history":[{"count":3,"href":"https:\/\/netspordihall.ee\/en\/wp-json\/wp\/v2\/pages\/9759\/revisions"}],"predecessor-version":[{"id":9769,"href":"https:\/\/netspordihall.ee\/en\/wp-json\/wp\/v2\/pages\/9759\/revisions\/9769"}],"wp:attachment":[{"href":"https:\/\/netspordihall.ee\/en\/wp-json\/wp\/v2\/media?parent=9759"}],"curies":[{"name":"wp","href":"https:\/\/api.w.org\/{rel}","templated":true}]}}